{"id":13,"date":"2025-09-02T21:17:16","date_gmt":"2025-09-02T19:17:16","guid":{"rendered":"https:\/\/isny.tv\/?page_id=13"},"modified":"2026-03-15T11:42:30","modified_gmt":"2026-03-15T09:42:30","slug":"start","status":"publish","type":"page","link":"https:\/\/isny.tv\/","title":{"rendered":"Start"},"content":{"rendered":"\t\t<div data-elementor-type=\"wp-page\" data-elementor-id=\"13\" class=\"elementor elementor-13\" data-elementor-post-type=\"page\">\n\t\t\t\t<div class=\"elementor-element elementor-element-37f52fa e-flex e-con-boxed e-con e-parent\" data-id=\"37f52fa\" data-element_type=\"container\" data-e-type=\"container\">\n\t\t\t\t\t<div class=\"e-con-inner\">\n\t\t\t\t<div class=\"elementor-element elementor-element-60475c4 elementor-widget elementor-widget-html\" data-id=\"60475c4\" data-element_type=\"widget\" data-e-type=\"widget\" data-widget_type=\"html.default\">\n\t\t\t\t\t<img decoding=\"async\" id=\"storch\" \r\n     src=\"https:\/\/isnywasser.de\/storchencam\/cam_2.jpg\" \r\n     width=\"500\" \r\n     alt=\"Storchennest\">\r\n\r\n<script>\r\n  setInterval(function() {\r\n    var img = document.getElementById(\"storch\");\r\n    var newImg = new Image();\r\n    newImg.onload = function() {\r\n      img.src = newImg.src;\r\n    };\r\n    newImg.src = \"https:\/\/isnywasser.de\/storchencam\/cam_2.jpg?reload=\" + new Date().getTime() + \"&rand=\" + Math.random();\r\n  }, 1000); \/\/ alle 1 Sekunde neu laden\r\n<\/script>\t\t\t\t<\/div>\n\t\t\t\t\t<\/div>\n\t\t\t\t<\/div>\n\t\t<div class=\"elementor-element elementor-element-5eaafac e-flex e-con-boxed e-con e-parent\" data-id=\"5eaafac\" data-element_type=\"container\" data-e-type=\"container\">\n\t\t\t\t\t<div class=\"e-con-inner\">\n\t\t\t\t<div class=\"elementor-element elementor-element-7df6eaf elementor-widget elementor-widget-heading\" data-id=\"7df6eaf\" data-element_type=\"widget\" data-e-type=\"widget\" data-widget_type=\"heading.default\">\n\t\t\t\t\t<h2 class=\"elementor-heading-title elementor-size-default\"><br><br>Vielen Dank an unsere Sponsoren<\/h2>\t\t\t\t<\/div>\n\t\t\t\t\t<\/div>\n\t\t\t\t<\/div>\n\t\t<div class=\"elementor-element elementor-element-f2ca279 e-grid e-con-boxed e-con e-parent\" data-id=\"f2ca279\" data-element_type=\"container\" data-e-type=\"container\">\n\t\t\t\t\t<div class=\"e-con-inner\">\n\t\t\t\t<div class=\"elementor-element elementor-element-83c05ad elementor-widget elementor-widget-text-editor\" data-id=\"83c05ad\" data-element_type=\"widget\" data-e-type=\"widget\" data-widget_type=\"text-editor.default\">\n\t\t\t\t\t\t\t\t\t<p><strong>JOBA ITK-Systeme GmbH<\/strong><\/p><p><a href=\"https:\/\/joba.info\" target=\"_blank\" rel=\"noopener\"><img decoding=\"async\" class=\"alignnone wp-image-1576\" src=\"https:\/\/isny.tv\/wp-content\/uploads\/2025\/09\/joba.png\" alt=\"\" width=\"216\" height=\"95\" \/><\/a><\/p>\t\t\t\t\t\t\t\t<\/div>\n\t\t\t\t<div class=\"elementor-element elementor-element-3cf4535 elementor-widget elementor-widget-text-editor\" data-id=\"3cf4535\" data-element_type=\"widget\" data-e-type=\"widget\" data-widget_type=\"text-editor.default\">\n\t\t\t\t\t\t\t\t\t<p><strong>Stadt Isny<\/strong><\/p><p><a href=\"https:\/\/isny.de\" target=\"_blank\" rel=\"noopener\"><img decoding=\"async\" class=\"alignnone size-full wp-image-1578\" src=\"https:\/\/isny.tv\/wp-content\/uploads\/2025\/09\/Isny.png\" alt=\"\" width=\"276\" height=\"72\" \/><\/a><\/p>\t\t\t\t\t\t\t\t<\/div>\n\t\t\t\t<div class=\"elementor-element elementor-element-7d726be elementor-widget elementor-widget-text-editor\" data-id=\"7d726be\" data-element_type=\"widget\" data-e-type=\"widget\" data-widget_type=\"text-editor.default\">\n\t\t\t\t\t\t\t\t\t<p><b>Lanschaftsb\u00fcro Bolender<\/b><\/p><p><a href=\"https:\/\/buero-bolender.de\/\" target=\"_blank\" rel=\"noopener\"><img decoding=\"async\" class=\"alignnone size-medium wp-image-1579\" src=\"https:\/\/isny.tv\/wp-content\/uploads\/2025\/09\/bolender-300x67.png\" alt=\"\" width=\"300\" height=\"67\" srcset=\"https:\/\/isny.tv\/wp-content\/uploads\/2025\/09\/bolender-300x67.png 300w, https:\/\/isny.tv\/wp-content\/uploads\/2025\/09\/bolender.png 303w\" sizes=\"(max-width: 300px) 100vw, 300px\" \/><\/a><\/p>\t\t\t\t\t\t\t\t<\/div>\n\t\t\t\t<div class=\"elementor-element elementor-element-cf9975e elementor-widget elementor-widget-text-editor\" data-id=\"cf9975e\" data-element_type=\"widget\" data-e-type=\"widget\" data-widget_type=\"text-editor.default\">\n\t\t\t\t\t\t\t\t\t<p><b>Schw\u00e4bischer Albverein Ortsgruppe Isny<\/b><a style=\"background-color: #ffffff; font-size: 1rem;\" href=\"https:\/\/isny.albverein.eu\" target=\"_blank\" rel=\"noopener\"><img loading=\"lazy\" decoding=\"async\" class=\"wp-image-1709 size-medium\" src=\"https:\/\/isny.tv\/wp-content\/uploads\/2025\/12\/Logo-OG-Isny-300x167.jpg\" alt=\"\" width=\"300\" height=\"167\" srcset=\"https:\/\/isny.tv\/wp-content\/uploads\/2025\/12\/Logo-OG-Isny-300x167.jpg 300w, https:\/\/isny.tv\/wp-content\/uploads\/2025\/12\/Logo-OG-Isny-1024x568.jpg 1024w, https:\/\/isny.tv\/wp-content\/uploads\/2025\/12\/Logo-OG-Isny-768x426.jpg 768w, https:\/\/isny.tv\/wp-content\/uploads\/2025\/12\/Logo-OG-Isny-1536x853.jpg 1536w, https:\/\/isny.tv\/wp-content\/uploads\/2025\/12\/Logo-OG-Isny.jpg 1735w\" sizes=\"(max-width: 300px) 100vw, 300px\" \/><\/a><\/p>\t\t\t\t\t\t\t\t<\/div>\n\t\t\t\t<div class=\"elementor-element elementor-element-b05a792 elementor-widget elementor-widget-text-editor\" data-id=\"b05a792\" data-element_type=\"widget\" data-e-type=\"widget\" data-widget_type=\"text-editor.default\">\n\t\t\t\t\t\t\t\t\t<p><b>Volksbank Allg\u00e4u-Oberschwaben eG<\/b><\/p><p>\u00a0<\/p><p><a href=\"https:\/\/www.volksbank-allgaeu-oberschwaben.de\/\" target=\"_blank\" rel=\"noopener\"><img loading=\"lazy\" decoding=\"async\" class=\"alignnone wp-image-1585\" src=\"https:\/\/isny.tv\/wp-content\/uploads\/2025\/09\/vbao.png\" alt=\"\" width=\"310\" height=\"60\" \/><\/a><\/p>\t\t\t\t\t\t\t\t<\/div>\n\t\t\t\t<div class=\"elementor-element elementor-element-7ca848e elementor-widget elementor-widget-text-editor\" data-id=\"7ca848e\" data-element_type=\"widget\" data-e-type=\"widget\" data-widget_type=\"text-editor.default\">\n\t\t\t\t\t\t\t\t\t<p><strong>Unterst\u00fctzung<\/strong><\/p><p>Sie wollen unsere Aktion zur Beobachtung und Pflege der Isnyer St\u00f6rche unterst\u00fctzen?<br \/>Unser Spendenkonto lautet <br \/>IBAN DE28 6509 1040 0317 2890 04 <br \/>BIC GENODES1LEU.<\/p><p>Vielen Dank!<\/p>\t\t\t\t\t\t\t\t<\/div>\n\t\t\t\t\t<\/div>\n\t\t\t\t<\/div>\n\t\t<div class=\"elementor-element elementor-element-6d21af5 e-flex e-con-boxed e-con e-parent\" data-id=\"6d21af5\" data-element_type=\"container\" data-e-type=\"container\">\n\t\t\t\t\t<div class=\"e-con-inner\">\n\t\t\t\t<div class=\"elementor-element elementor-element-8ba331e elementor-widget-divider--view-line elementor-widget elementor-widget-divider\" data-id=\"8ba331e\" data-element_type=\"widget\" data-e-type=\"widget\" data-widget_type=\"divider.default\">\n\t\t\t\t\t\t\t<div class=\"elementor-divider\">\n\t\t\t<span class=\"elementor-divider-separator\">\n\t\t\t\t\t\t<\/span>\n\t\t<\/div>\n\t\t\t\t\t\t<\/div>\n\t\t\t\t<div class=\"elementor-element elementor-element-2220e29 elementor-widget elementor-widget-text-editor\" data-id=\"2220e29\" data-element_type=\"widget\" data-e-type=\"widget\" data-widget_type=\"text-editor.default\">\n\t\t\t\t\t\t\t\t\t<p><strong>Weitere Webcams mit einem Rundblick \u00fcber Isny.<\/strong><br \/>Danke an die private Wetterstation Isny, Timo Riedel und die Stadt Isny f\u00fcr die Bereitstellung der Bilder.<\/p>\t\t\t\t\t\t\t\t<\/div>\n\t\t\t\t\t<\/div>\n\t\t\t\t<\/div>\n\t\t<div class=\"elementor-element elementor-element-c4d0929 e-grid e-con-boxed e-con e-parent\" data-id=\"c4d0929\" data-element_type=\"container\" data-e-type=\"container\">\n\t\t\t\t\t<div class=\"e-con-inner\">\n\t\t\t\t<div class=\"elementor-element elementor-element-27ae451 elementor-widget elementor-widget-image\" data-id=\"27ae451\" data-element_type=\"widget\" data-e-type=\"widget\" data-widget_type=\"image.default\">\n\t\t\t\t\t\t\t\t\t\t\t\t\t\t\t<img decoding=\"async\" src=\"https:\/\/wetterstation-isny.de\/webcam\/kamera1.jpg\" title=\"\" alt=\"\" loading=\"lazy\" \/>\t\t\t\t\t\t\t\t\t\t\t\t\t\t\t<\/div>\n\t\t\t\t<div class=\"elementor-element elementor-element-1a9aa41 elementor-widget elementor-widget-image\" data-id=\"1a9aa41\" data-element_type=\"widget\" data-e-type=\"widget\" data-widget_type=\"image.default\">\n\t\t\t\t\t\t\t\t\t\t\t\t\t\t\t<img decoding=\"async\" src=\"https:\/\/wetterstation-isny.de\/webcam\/kamera2.jpg\" title=\"\" alt=\"\" loading=\"lazy\" \/>\t\t\t\t\t\t\t\t\t\t\t\t\t\t\t<\/div>\n\t\t\t\t<div class=\"elementor-element elementor-element-ef74919 elementor-widget elementor-widget-image\" data-id=\"ef74919\" data-element_type=\"widget\" data-e-type=\"widget\" data-widget_type=\"image.default\">\n\t\t\t\t\t\t\t\t\t\t\t\t\t\t\t<img decoding=\"async\" src=\"https:\/\/wetterstation-isny.de\/webcam\/kamera3.jpg\" title=\"\" alt=\"\" loading=\"lazy\" \/>\t\t\t\t\t\t\t\t\t\t\t\t\t\t\t<\/div>\n\t\t\t\t<div class=\"elementor-element elementor-element-9f64b38 elementor-widget elementor-widget-image\" data-id=\"9f64b38\" data-element_type=\"widget\" data-e-type=\"widget\" data-widget_type=\"image.default\">\n\t\t\t\t\t\t\t\t\t\t\t\t\t\t\t<img decoding=\"async\" src=\"https:\/\/wetterstation-isny.de\/webcam\/kamera4.jpg\" title=\"\" alt=\"Blaserturm 4\" loading=\"lazy\" \/>\t\t\t\t\t\t\t\t\t\t\t\t\t\t\t<\/div>\n\t\t\t\t\t<\/div>\n\t\t\t\t<\/div>\n\t\t\t\t<\/div>\n\t\t","protected":false},"excerpt":{"rendered":"<p>Vielen Dank an unsere Sponsoren JOBA ITK-Systeme GmbH Stadt Isny Lanschaftsb\u00fcro Bolender Schw\u00e4bischer Albverein Ortsgruppe Isny Volksbank Allg\u00e4u-Oberschwaben eG \u00a0 Unterst\u00fctzung Sie wollen unsere Aktion zur Beobachtung und Pflege der Isnyer St\u00f6rche unterst\u00fctzen?Unser Spendenkonto lautet IBAN DE28 6509 1040 0317 2890 04 BIC GENODES1LEU. Vielen Dank! Weitere Webcams mit einem Rundblick \u00fcber Isny.Danke an die [&hellip;]<\/p>\n","protected":false},"author":3,"featured_media":0,"parent":0,"menu_order":0,"comment_status":"closed","ping_status":"closed","template":"","meta":{"footnotes":""},"class_list":["post-13","page","type-page","status-publish","hentry"],"_links":{"self":[{"href":"https:\/\/isny.tv\/index.php?rest_route=\/wp\/v2\/pages\/13","targetHints":{"allow":["GET"]}}],"collection":[{"href":"https:\/\/isny.tv\/index.php?rest_route=\/wp\/v2\/pages"}],"about":[{"href":"https:\/\/isny.tv\/index.php?rest_route=\/wp\/v2\/types\/page"}],"author":[{"embeddable":true,"href":"https:\/\/isny.tv\/index.php?rest_route=\/wp\/v2\/users\/3"}],"replies":[{"embeddable":true,"href":"https:\/\/isny.tv\/index.php?rest_route=%2Fwp%2Fv2%2Fcomments&post=13"}],"version-history":[{"count":223,"href":"https:\/\/isny.tv\/index.php?rest_route=\/wp\/v2\/pages\/13\/revisions"}],"predecessor-version":[{"id":1808,"href":"https:\/\/isny.tv\/index.php?rest_route=\/wp\/v2\/pages\/13\/revisions\/1808"}],"wp:attachment":[{"href":"https:\/\/isny.tv\/index.php?rest_route=%2Fwp%2Fv2%2Fmedia&parent=13"}],"curies":[{"name":"wp","href":"https:\/\/api.w.org\/{rel}","templated":true}]}}